{"id":3,"date":"2023-12-04T16:40:59","date_gmt":"2023-12-04T16:40:59","guid":{"rendered":"http:\/\/visionlaser.ch\/?page_id=3"},"modified":"2025-02-19T10:54:51","modified_gmt":"2025-02-19T10:54:51","slug":"politique-de-confidentialite","status":"publish","type":"page","link":"https:\/\/visionlaser.ch\/en\/politique-de-confidentialite\/","title":{"rendered":"Politique de confidentialit\u00e9"},"content":{"rendered":"<div class=\"fusion-fullwidth fullwidth-box fusion-builder-row-1 fusion-flex-container has-pattern-background has-mask-background nonhundred-percent-fullwidth non-hundred-percent-height-scrolling\" style=\"--awb-border-radius-top-left:0px;--awb-border-radius-top-right:0px;--awb-border-radius-bottom-right:0px;--awb-border-radius-bottom-left:0px;--awb-margin-top:30px;--awb-flex-wrap:wrap;\" ><div class=\"fusion-builder-row fusion-row fusion-flex-align-items-center fusion-flex-justify-content-center fusion-flex-content-wrap\" style=\"max-width:1248px;margin-left: calc(-4% \/ 2 );margin-right: calc(-4% \/ 2 );\"><div class=\"fusion-layout-column fusion_builder_column fusion-builder-column-0 fusion_builder_column_4_5 4_5 fusion-flex-column\" style=\"--awb-bg-size:cover;--awb-width-large:80%;--awb-margin-top-large:0px;--awb-spacing-right-large:2.4%;--awb-margin-bottom-large:20px;--awb-spacing-left-large:2.4%;--awb-width-medium:80%;--awb-order-medium:0;--awb-spacing-right-medium:2.4%;--awb-spacing-left-medium:2.4%;--awb-width-small:100%;--awb-order-small:0;--awb-spacing-right-small:1.92%;--awb-spacing-left-small:1.92%;\"><div class=\"fusion-column-wrapper fusion-column-has-shadow fusion-flex-justify-content-flex-start fusion-content-layout-column\"><div class=\"fusion-title title fusion-title-1 fusion-sep-none fusion-title-text fusion-title-size-one\" style=\"--awb-margin-top-small:10px;--awb-margin-right-small:0px;--awb-margin-bottom-small:10px;--awb-margin-left-small:0px;\"><h1 class=\"fusion-title-heading title-heading-left fusion-responsive-typography-calculated\" style=\"margin:0;--fontSize:32;line-height:var(--awb-typography1-line-height);\">Politique de confidentialit\u00e9<\/h1><\/div><div class=\"fusion-text fusion-text-1\"><p>Derni\u00e8re mise \u00e0 jour: 5 septembre 2022<\/p>\n<h3>Introduction<\/h3>\n<p>Vision Laser accorde une importance particuli\u00e8re au respect de la vie priv\u00e9e des utilisateurs du site. Cette clause de confidentialit\u00e9 vous informe sur la r\u00e9colte et le traitement des donn\u00e9es qui est r\u00e9colt\u00e9 sur ce site. Cette clause de confidentialit\u00e9 peut \u00eatre mise \u00e0 jour \u00e0 tout moment et les changements seront indiqu\u00e9s sur cette page.<\/p>\n<h3>Recueil de renseignements<\/h3>\n<p>Aucune donn\u00e9e personnelle n\u2019est enregistr\u00e9e lors de l\u2019acc\u00e8s au site web. Pour des besoins d\u2019analyse des visites sur le site, nous recueillons votre adresse IP et utilisons des cookies, sauf si vous configurez votre navigateur pour ne pas les accepter. Des informations personnelles sont collect\u00e9es lorsque vous remplissez un formulaire, ou lorsque vous contribuez \u00e0 certaines fonctionnalit\u00e9s avanc\u00e9es sur le site. Ces informations sont clairement \u00e9nonc\u00e9es sur la page Web sur laquelle nous les recueillons. Voir par exemple notre page de contact.<\/p>\n<h3>Pourquoi recueillons-nous ces informations ?<\/h3>\n<p>Nous recueillons ces donn\u00e9es afin de vous aider dans l\u2019utilisation du site et pour am\u00e9liorer le site en g\u00e9n\u00e9ral. Selon vos choix, vous nous autorisez \u00e0 vous envoyer des informations sur les produits et les services de notre part et\/ou de tiers soigneusement s\u00e9lectionn\u00e9s.<\/p>\n<h3>\u00c0 qui sont transmises ces informations<\/h3>\n<p>Nous ne transmettons aucune information sur vous en tant qu\u2019individu (par opposition aux donn\u00e9es agr\u00e9g\u00e9es) \u00e0 des tiers. Les informations individuelles ne sont utilis\u00e9es que pour nous permettre de r\u00e9pondre aux demandes que vous nous avez transmises depuis le site. Dans quelques cas, et uniquement si vous donnez votre consentement, vos coordonn\u00e9es peuvent \u00eatre transmises \u00e0 des tiers de confiance afin de r\u00e9pondre \u00e0 certaines demandes. Ces tiers peuvent alors vous envoyer des communications, vous fournir des informations, des offres et des services qui correspondent \u00e0 votre demande ou pr\u00e9senter un int\u00e9r\u00eat pour vous. Lors de certaines circonstances exceptionnelles, nous pourrions \u00eatre oblig\u00e9s de divulguer des renseignements \u00e0 votre sujet si vous ne respectez pas cette clause de confidentialit\u00e9 ou si cela est requis par la loi ou par tout organisme gouvernemental. Les donn\u00e9es agr\u00e9g\u00e9es (par opposition aux donn\u00e9es individuelles) sont transmises \u00e0 un service tiers afin de nous permettre d\u2019obtenir des statistiques globales de visite de notre site et am\u00e9liorer ainsi nos services en ligne.<\/p>\n<h3>S\u00e9curit\u00e9 des informations<\/h3>\n<p>La s\u00e9curit\u00e9 des informations qui transitent par le site est tr\u00e8s importante pour nous. N\u00e9anmoins, aucune transmission de donn\u00e9es sur Internet ne peut avoir la garantie d\u2019\u00eatre totalement s\u00e9curis\u00e9e. En cons\u00e9quence, tandis que nous nous effor\u00e7ons de prot\u00e9ger vos informations personnelles, nous ne pouvons pas assurer ou garantir la s\u00e9curit\u00e9 des informations que vous nous envoyez, et vous le faites \u00e0 vos propres risques.<\/p>\n<h3>Droits d\u2019acc\u00e8s et de correction<\/h3>\n<p>Conform\u00e9ment aux dispositions l\u00e9gales en vigueur, vous pouvez \u00e0 tout moment nous demander une copie des renseignements personnels que nous d\u00e9tenons sur vous et, le cas \u00e9ch\u00e9ant, leur mise \u00e0 jour ou rectification.<\/p>\n<h3>Questions?<\/h3>\n<p>Si vous avez des questions ou des commentaires relatifs \u00e0 cette politique de confidentialit\u00e9 ou la fa\u00e7on dont nous utilisons les renseignements personnels que nous d\u00e9tenons sur vous, merci de nous contacter \u00e0 l\u2019adresse <a href=\"mailto:info@visionlaser.ch\">info@visionlaser.ch<\/a> . Nous nous efforcerons de vous r\u00e9pondre au plus vite.<\/p>\n<\/div><\/div><\/div><\/div><\/div>","protected":false},"excerpt":{"rendered":"","protected":false},"author":6,"featured_media":0,"parent":0,"menu_order":0,"comment_status":"closed","ping_status":"open","template":"","meta":{"footnotes":""},"class_list":["post-3","page","type-page","status-publish","hentry"],"yoast_head":"<!-- This site is optimized with the Yoast SEO plugin v27.3 - https:\/\/yoast.com\/product\/yoast-seo-wordpress\/ -->\n<title>Politique de confidentialit\u00e9 | Vision Laser - Chirurgie laser r\u00e9fractive Gen\u00e8ve<\/title>\n<meta name=\"robots\" content=\"index, follow, max-snippet:-1, max-image-preview:large, max-video-preview:-1\" \/>\n<link rel=\"canonical\" href=\"https:\/\/visionlaser.ch\/en\/politique-de-confidentialite\/\" \/>\n<meta property=\"og:locale\" content=\"en_GB\" \/>\n<meta property=\"og:type\" content=\"article\" \/>\n<meta property=\"og:title\" content=\"Politique de confidentialit\u00e9 | Vision Laser - Chirurgie laser r\u00e9fractive Gen\u00e8ve\" \/>\n<meta property=\"og:url\" content=\"https:\/\/visionlaser.ch\/en\/politique-de-confidentialite\/\" \/>\n<meta property=\"og:site_name\" content=\"Vision Laser - Chirurgie laser r\u00e9fractive Gen\u00e8ve\" \/>\n<meta property=\"article:modified_time\" content=\"2025-02-19T10:54:51+00:00\" \/>\n<meta name=\"twitter:card\" content=\"summary_large_image\" \/>\n<meta name=\"twitter:label1\" content=\"Estimated reading time\" \/>\n\t<meta name=\"twitter:data1\" content=\"3 minutes\" \/>\n<script type=\"application\/ld+json\" class=\"yoast-schema-graph\">{\"@context\":\"https:\\\/\\\/schema.org\",\"@graph\":[{\"@type\":\"WebPage\",\"@id\":\"https:\\\/\\\/visionlaser.ch\\\/politique-de-confidentialite\\\/\",\"url\":\"https:\\\/\\\/visionlaser.ch\\\/politique-de-confidentialite\\\/\",\"name\":\"Politique de confidentialit\u00e9 | Vision Laser - Chirurgie laser r\u00e9fractive Gen\u00e8ve\",\"isPartOf\":{\"@id\":\"https:\\\/\\\/visionlaser.ch\\\/#website\"},\"datePublished\":\"2023-12-04T16:40:59+00:00\",\"dateModified\":\"2025-02-19T10:54:51+00:00\",\"breadcrumb\":{\"@id\":\"https:\\\/\\\/visionlaser.ch\\\/politique-de-confidentialite\\\/#breadcrumb\"},\"inLanguage\":\"en-GB\",\"potentialAction\":[{\"@type\":\"ReadAction\",\"target\":[\"https:\\\/\\\/visionlaser.ch\\\/politique-de-confidentialite\\\/\"]}]},{\"@type\":\"BreadcrumbList\",\"@id\":\"https:\\\/\\\/visionlaser.ch\\\/politique-de-confidentialite\\\/#breadcrumb\",\"itemListElement\":[{\"@type\":\"ListItem\",\"position\":1,\"name\":\"Home\",\"item\":\"https:\\\/\\\/visionlaser.ch\\\/\"},{\"@type\":\"ListItem\",\"position\":2,\"name\":\"Politique de confidentialit\u00e9\"}]},{\"@type\":\"WebSite\",\"@id\":\"https:\\\/\\\/visionlaser.ch\\\/#website\",\"url\":\"https:\\\/\\\/visionlaser.ch\\\/\",\"name\":\"Vision Laser - Chirurgie laser r\u00e9fractive Gen\u00e8ve\",\"description\":\"1er centre d&#039;op\u00e9ration laser des yeux \u00e0 Gen\u00e8ve\",\"potentialAction\":[{\"@type\":\"SearchAction\",\"target\":{\"@type\":\"EntryPoint\",\"urlTemplate\":\"https:\\\/\\\/visionlaser.ch\\\/?s={search_term_string}\"},\"query-input\":{\"@type\":\"PropertyValueSpecification\",\"valueRequired\":true,\"valueName\":\"search_term_string\"}}],\"inLanguage\":\"en-GB\"}]}<\/script>\n<!-- \/ Yoast SEO plugin. -->","yoast_head_json":{"title":"Politique de confidentialit\u00e9 | Vision Laser - Chirurgie laser r\u00e9fractive Gen\u00e8ve","robots":{"index":"index","follow":"follow","max-snippet":"max-snippet:-1","max-image-preview":"max-image-preview:large","max-video-preview":"max-video-preview:-1"},"canonical":"https:\/\/visionlaser.ch\/en\/politique-de-confidentialite\/","og_locale":"en_GB","og_type":"article","og_title":"Politique de confidentialit\u00e9 | Vision Laser - Chirurgie laser r\u00e9fractive Gen\u00e8ve","og_url":"https:\/\/visionlaser.ch\/en\/politique-de-confidentialite\/","og_site_name":"Vision Laser - Chirurgie laser r\u00e9fractive Gen\u00e8ve","article_modified_time":"2025-02-19T10:54:51+00:00","twitter_card":"summary_large_image","twitter_misc":{"Estimated reading time":"3 minutes"},"schema":{"@context":"https:\/\/schema.org","@graph":[{"@type":"WebPage","@id":"https:\/\/visionlaser.ch\/politique-de-confidentialite\/","url":"https:\/\/visionlaser.ch\/politique-de-confidentialite\/","name":"Politique de confidentialit\u00e9 | Vision Laser - Chirurgie laser r\u00e9fractive Gen\u00e8ve","isPartOf":{"@id":"https:\/\/visionlaser.ch\/#website"},"datePublished":"2023-12-04T16:40:59+00:00","dateModified":"2025-02-19T10:54:51+00:00","breadcrumb":{"@id":"https:\/\/visionlaser.ch\/politique-de-confidentialite\/#breadcrumb"},"inLanguage":"en-GB","potentialAction":[{"@type":"ReadAction","target":["https:\/\/visionlaser.ch\/politique-de-confidentialite\/"]}]},{"@type":"BreadcrumbList","@id":"https:\/\/visionlaser.ch\/politique-de-confidentialite\/#breadcrumb","itemListElement":[{"@type":"ListItem","position":1,"name":"Home","item":"https:\/\/visionlaser.ch\/"},{"@type":"ListItem","position":2,"name":"Politique de confidentialit\u00e9"}]},{"@type":"WebSite","@id":"https:\/\/visionlaser.ch\/#website","url":"https:\/\/visionlaser.ch\/","name":"Vision Laser - Chirurgie laser r\u00e9fractive Gen\u00e8ve","description":"1er centre d&#039;op\u00e9ration laser des yeux \u00e0 Gen\u00e8ve","potentialAction":[{"@type":"SearchAction","target":{"@type":"EntryPoint","urlTemplate":"https:\/\/visionlaser.ch\/?s={search_term_string}"},"query-input":{"@type":"PropertyValueSpecification","valueRequired":true,"valueName":"search_term_string"}}],"inLanguage":"en-GB"}]}},"_links":{"self":[{"href":"https:\/\/visionlaser.ch\/en\/wp-json\/wp\/v2\/pages\/3","targetHints":{"allow":["GET"]}}],"collection":[{"href":"https:\/\/visionlaser.ch\/en\/wp-json\/wp\/v2\/pages"}],"about":[{"href":"https:\/\/visionlaser.ch\/en\/wp-json\/wp\/v2\/types\/page"}],"author":[{"embeddable":true,"href":"https:\/\/visionlaser.ch\/en\/wp-json\/wp\/v2\/users\/6"}],"replies":[{"embeddable":true,"href":"https:\/\/visionlaser.ch\/en\/wp-json\/wp\/v2\/comments?post=3"}],"version-history":[{"count":0,"href":"https:\/\/visionlaser.ch\/en\/wp-json\/wp\/v2\/pages\/3\/revisions"}],"wp:attachment":[{"href":"https:\/\/visionlaser.ch\/en\/wp-json\/wp\/v2\/media?parent=3"}],"curies":[{"name":"wp","href":"https:\/\/api.w.org\/{rel}","templated":true}]}}