{"id":1226,"date":"2024-02-23T15:21:56","date_gmt":"2024-02-23T15:21:56","guid":{"rendered":"https:\/\/visionlaser.ch\/?page_id=1226"},"modified":"2025-02-19T10:54:50","modified_gmt":"2025-02-19T10:54:50","slug":"lp-quiz-rapide-fb","status":"publish","type":"page","link":"https:\/\/visionlaser.ch\/en\/lp-quiz-rapide-fb\/","title":{"rendered":"LP: Quiz Rapide"},"content":{"rendered":"<div class=\"fusion-fullwidth fullwidth-box fusion-builder-row-1 fusion-flex-container has-pattern-background has-mask-background nonhundred-percent-fullwidth non-hundred-percent-height-scrolling\" style=\"--awb-border-radius-top-left:0px;--awb-border-radius-top-right:0px;--awb-border-radius-bottom-right:0px;--awb-border-radius-bottom-left:0px;--awb-flex-wrap:wrap;\" ><div class=\"fusion-builder-row fusion-row fusion-flex-align-items-flex-start fusion-flex-content-wrap\" style=\"max-width:1248px;margin-left: calc(-4% \/ 2 );margin-right: calc(-4% \/ 2 );\"><div class=\"fusion-layout-column fusion_builder_column fusion-builder-column-0 fusion_builder_column_1_1 1_1 fusion-flex-column\" style=\"--awb-bg-size:cover;--awb-width-large:100%;--awb-margin-top-large:0px;--awb-spacing-right-large:1.92%;--awb-margin-bottom-large:20px;--awb-spacing-left-large:1.92%;--awb-width-medium:100%;--awb-order-medium:0;--awb-spacing-right-medium:1.92%;--awb-spacing-left-medium:1.92%;--awb-width-small:100%;--awb-order-small:0;--awb-spacing-right-small:1.92%;--awb-spacing-left-small:1.92%;\"><div class=\"fusion-column-wrapper fusion-column-has-shadow fusion-flex-justify-content-flex-start fusion-content-layout-column\"><div class=\"fusion-title title fusion-title-1 fusion-sep-none fusion-title-center fusion-title-text fusion-title-size-two\" style=\"--awb-text-color:var(--awb-custom_color_2);--awb-margin-bottom:10px;--awb-margin-top-small:10px;--awb-margin-right-small:0px;--awb-margin-bottom-small:10px;--awb-margin-left-small:0px;\"><h2 class=\"fusion-title-heading title-heading-center fusion-responsive-typography-calculated\" style=\"margin:0;--fontSize:28;line-height:var(--awb-typography1-line-height);\">QUIZ RAPIDE<\/h2><\/div><div class=\"fusion-title title fusion-title-2 fusion-sep-none fusion-title-center fusion-title-text fusion-title-size-five\" style=\"--awb-text-color:var(--awb-custom_color_2);--awb-margin-top:0px;--awb-margin-top-small:10px;--awb-margin-right-small:0px;--awb-margin-bottom-small:10px;--awb-margin-left-small:0px;\"><h5 class=\"fusion-title-heading title-heading-center fusion-responsive-typography-calculated\" style=\"margin:0;--fontSize:22;--minFontSize:22;line-height:var(--awb-typography1-line-height);\">D\u00e9couvrez la meilleure solution de correction visuelle, pour vous, avec notre quizz rapide:<\/h5><\/div><iframe src=\"https:\/\/link.liveseysolar.com\/widget\/survey\/ugjGDQzLBfnPV9y3njf8\" style=\"border:none;width:100%; height: 650px;\" scrolling=\"no\" id=\"ugjGDQzLBfnPV9y3njf8\" title=\"Vision Correction Self Test - Paid Ads\"><\/iframe>\n<script src=\"https:\/\/link.liveseysolar.com\/js\/form_embed.js\"><\/script>\n<\/div><\/div><\/div><\/div>","protected":false},"excerpt":{"rendered":"","protected":false},"author":6,"featured_media":0,"parent":0,"menu_order":0,"comment_status":"closed","ping_status":"closed","template":"100-width.php","meta":{"footnotes":""},"class_list":["post-1226","page","type-page","status-publish","hentry"],"yoast_head":"<!-- This site is optimized with the Yoast SEO plugin v27.4 - https:\/\/yoast.com\/product\/yoast-seo-wordpress\/ -->\n<title>LP: Quiz Rapide | Vision Laser - Chirurgie laser r\u00e9fractive Gen\u00e8ve<\/title>\n<meta name=\"robots\" content=\"noindex, nofollow\" \/>\n<meta property=\"og:locale\" content=\"en_GB\" \/>\n<meta property=\"og:type\" content=\"article\" \/>\n<meta property=\"og:title\" content=\"LP: Quiz Rapide | Vision Laser - Chirurgie laser r\u00e9fractive Gen\u00e8ve\" \/>\n<meta property=\"og:url\" content=\"https:\/\/visionlaser.ch\/en\/lp-quiz-rapide-fb\/\" \/>\n<meta property=\"og:site_name\" content=\"Vision Laser - Chirurgie laser r\u00e9fractive Gen\u00e8ve\" \/>\n<meta property=\"article:modified_time\" content=\"2025-02-19T10:54:50+00:00\" \/>\n<meta name=\"twitter:card\" content=\"summary_large_image\" \/>\n<meta name=\"twitter:label1\" content=\"Estimated reading time\" \/>\n\t<meta name=\"twitter:data1\" content=\"1 minute\" \/>\n<script type=\"application\/ld+json\" class=\"yoast-schema-graph\">{\"@context\":\"https:\\\/\\\/schema.org\",\"@graph\":[{\"@type\":\"WebPage\",\"@id\":\"https:\\\/\\\/visionlaser.ch\\\/lp-quiz-rapide-fb\\\/\",\"url\":\"https:\\\/\\\/visionlaser.ch\\\/lp-quiz-rapide-fb\\\/\",\"name\":\"LP: Quiz Rapide | Vision Laser - Chirurgie laser r\u00e9fractive Gen\u00e8ve\",\"isPartOf\":{\"@id\":\"https:\\\/\\\/visionlaser.ch\\\/#website\"},\"datePublished\":\"2024-02-23T15:21:56+00:00\",\"dateModified\":\"2025-02-19T10:54:50+00:00\",\"breadcrumb\":{\"@id\":\"https:\\\/\\\/visionlaser.ch\\\/lp-quiz-rapide-fb\\\/#breadcrumb\"},\"inLanguage\":\"en-GB\",\"potentialAction\":[{\"@type\":\"ReadAction\",\"target\":[\"https:\\\/\\\/visionlaser.ch\\\/lp-quiz-rapide-fb\\\/\"]}]},{\"@type\":\"BreadcrumbList\",\"@id\":\"https:\\\/\\\/visionlaser.ch\\\/lp-quiz-rapide-fb\\\/#breadcrumb\",\"itemListElement\":[{\"@type\":\"ListItem\",\"position\":1,\"name\":\"Home\",\"item\":\"https:\\\/\\\/visionlaser.ch\\\/\"},{\"@type\":\"ListItem\",\"position\":2,\"name\":\"LP: Quiz Rapide\"}]},{\"@type\":\"WebSite\",\"@id\":\"https:\\\/\\\/visionlaser.ch\\\/#website\",\"url\":\"https:\\\/\\\/visionlaser.ch\\\/\",\"name\":\"Vision Laser - Chirurgie laser r\u00e9fractive Gen\u00e8ve\",\"description\":\"1er centre d&#039;op\u00e9ration laser des yeux \u00e0 Gen\u00e8ve\",\"potentialAction\":[{\"@type\":\"SearchAction\",\"target\":{\"@type\":\"EntryPoint\",\"urlTemplate\":\"https:\\\/\\\/visionlaser.ch\\\/?s={search_term_string}\"},\"query-input\":{\"@type\":\"PropertyValueSpecification\",\"valueRequired\":true,\"valueName\":\"search_term_string\"}}],\"inLanguage\":\"en-GB\"}]}<\/script>\n<!-- \/ Yoast SEO plugin. -->","yoast_head_json":{"title":"LP: Quiz Rapide | Vision Laser - Chirurgie laser r\u00e9fractive Gen\u00e8ve","robots":{"index":"noindex","follow":"nofollow"},"og_locale":"en_GB","og_type":"article","og_title":"LP: Quiz Rapide | Vision Laser - Chirurgie laser r\u00e9fractive Gen\u00e8ve","og_url":"https:\/\/visionlaser.ch\/en\/lp-quiz-rapide-fb\/","og_site_name":"Vision Laser - Chirurgie laser r\u00e9fractive Gen\u00e8ve","article_modified_time":"2025-02-19T10:54:50+00:00","twitter_card":"summary_large_image","twitter_misc":{"Estimated reading time":"1 minute"},"schema":{"@context":"https:\/\/schema.org","@graph":[{"@type":"WebPage","@id":"https:\/\/visionlaser.ch\/lp-quiz-rapide-fb\/","url":"https:\/\/visionlaser.ch\/lp-quiz-rapide-fb\/","name":"LP: Quiz Rapide | Vision Laser - Chirurgie laser r\u00e9fractive Gen\u00e8ve","isPartOf":{"@id":"https:\/\/visionlaser.ch\/#website"},"datePublished":"2024-02-23T15:21:56+00:00","dateModified":"2025-02-19T10:54:50+00:00","breadcrumb":{"@id":"https:\/\/visionlaser.ch\/lp-quiz-rapide-fb\/#breadcrumb"},"inLanguage":"en-GB","potentialAction":[{"@type":"ReadAction","target":["https:\/\/visionlaser.ch\/lp-quiz-rapide-fb\/"]}]},{"@type":"BreadcrumbList","@id":"https:\/\/visionlaser.ch\/lp-quiz-rapide-fb\/#breadcrumb","itemListElement":[{"@type":"ListItem","position":1,"name":"Home","item":"https:\/\/visionlaser.ch\/"},{"@type":"ListItem","position":2,"name":"LP: Quiz Rapide"}]},{"@type":"WebSite","@id":"https:\/\/visionlaser.ch\/#website","url":"https:\/\/visionlaser.ch\/","name":"Vision Laser - Chirurgie laser r\u00e9fractive Gen\u00e8ve","description":"1er centre d&#039;op\u00e9ration laser des yeux \u00e0 Gen\u00e8ve","potentialAction":[{"@type":"SearchAction","target":{"@type":"EntryPoint","urlTemplate":"https:\/\/visionlaser.ch\/?s={search_term_string}"},"query-input":{"@type":"PropertyValueSpecification","valueRequired":true,"valueName":"search_term_string"}}],"inLanguage":"en-GB"}]}},"_links":{"self":[{"href":"https:\/\/visionlaser.ch\/en\/wp-json\/wp\/v2\/pages\/1226","targetHints":{"allow":["GET"]}}],"collection":[{"href":"https:\/\/visionlaser.ch\/en\/wp-json\/wp\/v2\/pages"}],"about":[{"href":"https:\/\/visionlaser.ch\/en\/wp-json\/wp\/v2\/types\/page"}],"author":[{"embeddable":true,"href":"https:\/\/visionlaser.ch\/en\/wp-json\/wp\/v2\/users\/6"}],"replies":[{"embeddable":true,"href":"https:\/\/visionlaser.ch\/en\/wp-json\/wp\/v2\/comments?post=1226"}],"version-history":[{"count":0,"href":"https:\/\/visionlaser.ch\/en\/wp-json\/wp\/v2\/pages\/1226\/revisions"}],"wp:attachment":[{"href":"https:\/\/visionlaser.ch\/en\/wp-json\/wp\/v2\/media?parent=1226"}],"curies":[{"name":"wp","href":"https:\/\/api.w.org\/{rel}","templated":true}]}}