{"id":1158,"date":"2024-02-22T15:06:44","date_gmt":"2024-02-22T15:06:44","guid":{"rendered":"https:\/\/visionlaser.ch\/?page_id=1158"},"modified":"2025-02-19T10:54:51","modified_gmt":"2025-02-19T10:54:51","slug":"cookies","status":"publish","type":"page","link":"https:\/\/visionlaser.ch\/en\/cookies\/","title":{"rendered":"Politique concernant les cookies"},"content":{"rendered":"<div class=\"fusion-fullwidth fullwidth-box fusion-builder-row-1 fusion-flex-container has-pattern-background has-mask-background nonhundred-percent-fullwidth non-hundred-percent-height-scrolling\" style=\"--awb-border-radius-top-left:0px;--awb-border-radius-top-right:0px;--awb-border-radius-bottom-right:0px;--awb-border-radius-bottom-left:0px;--awb-margin-top:30px;--awb-flex-wrap:wrap;\" ><div class=\"fusion-builder-row fusion-row fusion-flex-align-items-center fusion-flex-justify-content-center fusion-flex-content-wrap\" style=\"max-width:1248px;margin-left: calc(-4% \/ 2 );margin-right: calc(-4% \/ 2 );\"><div class=\"fusion-layout-column fusion_builder_column fusion-builder-column-0 fusion_builder_column_4_5 4_5 fusion-flex-column\" style=\"--awb-bg-size:cover;--awb-width-large:80%;--awb-margin-top-large:0px;--awb-spacing-right-large:2.4%;--awb-margin-bottom-large:20px;--awb-spacing-left-large:2.4%;--awb-width-medium:80%;--awb-order-medium:0;--awb-spacing-right-medium:2.4%;--awb-spacing-left-medium:2.4%;--awb-width-small:100%;--awb-order-small:0;--awb-spacing-right-small:1.92%;--awb-spacing-left-small:1.92%;\"><div class=\"fusion-column-wrapper fusion-column-has-shadow fusion-flex-justify-content-flex-start fusion-content-layout-column\"><div class=\"fusion-title title fusion-title-1 fusion-sep-none fusion-title-text fusion-title-size-one\" style=\"--awb-margin-top-small:10px;--awb-margin-right-small:0px;--awb-margin-bottom-small:10px;--awb-margin-left-small:0px;\"><h1 class=\"fusion-title-heading title-heading-left fusion-responsive-typography-calculated\" style=\"margin:0;--fontSize:32;line-height:var(--awb-typography1-line-height);\">Politique concernant les cookies<\/h1><\/div><div class=\"fusion-text fusion-text-1\"><h3>Derni\u00e8re mise \u00e0 jour: 5 septembre 2022<\/h3>\n<p>Vision Laser (\u201cnous\u201d, ou \u201cnotre\u201d) utilise les cookies sur www.visionlaser.ch (le \u201cService\u201d). En utilisant le Service, vous acceptez l\u2019utilisation des cookies.<\/p>\n<p>Notre politique des cookies explique ce que sont les cookies, comment nous utilisons les cookies, comment les tiers avec qui nous pouvons nous associer peuvent utiliser les cookies sur le Service, vos choix concernant les cookies et d\u2019autres informations sur les cookies.<\/p>\n<h3>Qu\u2019est-ce que sont cookies<\/h3>\n<p>Les cookies sont de petits fragments de texte envoy\u00e9s par votre navigateur Web par un site Web que vous visitez. Un fichier cookie est stock\u00e9 dans votre navigateur Web et permet au Service ou \u00e0 un tiers de vous reconna\u00eetre et de rendre votre prochaine visite plus facile et le Service plus utile.<\/p>\n<p>Les cookies peuvent \u00eatre des cookies \u00abpersistants\u00bb ou \u00abde session\u00bb. Les cookies persistants restent sur votre ordinateur personnel ou sur votre appareil mobile lorsque vous \u00eates hors connexion, tandis que les cookies de session sont supprim\u00e9s d\u00e8s que vous fermez votre navigateur Web.<\/p>\n<h3>Comment Vision Laser utilise les cookies<\/h3>\n<p>Lorsque vous utilisez et acc\u00e9dez au Service, nous pouvons placer un certain nombre de fichiers de cookies dans votre navigateur Web.<\/p>\n<p>Nous utilisons des cookies aux fins suivantes:<\/p>\n<ul>\n<li>Pour activer certaines fonctions du Service<\/li>\n<li>Pour fournir des analyses<\/li>\n<li>Pour enregistrer vos pr\u00e9f\u00e9rences<\/li>\n<li>Permettre la diffusion de publicit\u00e9s, y compris la publicit\u00e9 comportementale<\/li>\n<li>Nous utilisons des cookies de session et persistants sur le Service et nous utilisons diff\u00e9rents types de cookies pour ex\u00e9cuter le Service:<\/li>\n<\/ul>\n<p>Cookies essentiels. Nous pouvons utiliser des cookies essentiels pour authentifier les utilisateurs et emp\u00eacher l\u2019utilisation frauduleuse des comptes d\u2019utilisateurs.<\/p>\n<p>Cookies de pr\u00e9f\u00e9rences . Nous pouvons utiliser les cookies de pr\u00e9f\u00e9rences pour m\u00e9moriser des informations qui modifient la fa\u00e7on dont le service se comporte ou son apparence, comme la fonctionnalit\u00e9 \u201cm\u00e9moriser\u201d d\u2019un utilisateur enregistr\u00e9 ou la pr\u00e9f\u00e9rence de langue d\u2019un utilisateur.<\/p>\n<p>Les cookies d\u2019analyse. Nous pouvons utiliser des cookies d\u2019analyse pour suivre les informations sur l\u2019utilisation du Service afin de pouvoir apporter des am\u00e9liorations. Nous pouvons \u00e9galement utiliser des cookies d\u2019analyse pour tester de nouvelles publicit\u00e9s, des pages, des fonctionnalit\u00e9s ou de nouvelles fonctionnalit\u00e9s du Service pour voir comment nos utilisateurs r\u00e9agissent \u00e0 eux.<\/p>\n<p>Cookies publicitaires. Ces types de cookies sont utilis\u00e9s pour diffuser des publicit\u00e9s sur et par le biais du Service et suivre les performances de ces publicit\u00e9s. Ces cookies peuvent \u00e9galement \u00eatre utilis\u00e9s pour permettre \u00e0 des r\u00e9seaux publicitaires tiers de diffuser des annonces qui peuvent vous int\u00e9resser en fonction de vos activit\u00e9s ou de vos int\u00e9r\u00eats.<\/p>\n<h3>Cookies tiers<\/h3>\n<p>En plus de nos propres cookies, nous pouvons \u00e9galement utiliser divers cookies tiers pour signaler les statistiques d\u2019utilisation du Service, fournir des annonces sur et par le biais du Service, etc.<\/p>\n<p>Quelles sont vos possibilit\u00e9s concernant les cookies<br \/>\nSi vous souhaitez supprimer des cookies ou demander \u00e0 votre navigateur Web de supprimer ou de refuser les cookies, consultez les pages d\u2019aide de votre navigateur Web.<\/p>\n<p>Veuillez cependant noter que si vous supprimez des cookies ou refusez de les accepter, il se peut que vous ne puissiez pas utiliser toutes les fonctionnalit\u00e9s que nous proposons, mais que certaines de nos pages ne s\u2019affichent pas correctement.<\/p>\n<ul>\n<li>Pour le navigateur Web Chrome, veuillez visiter cette page de Google: https:\/\/support.google.com\/accounts\/answer\/32050<\/li>\n<li>Pour le navigateur Web Internet Explorer, veuillez visiter cette page de Microsoft: http:\/\/support.microsoft.com\/kb\/278835<\/li>\n<li>Pour le navigateur Web Firefox, veuillez visiter cette page \u00e0 partir de Mozilla: https:\/\/support.mozilla.org\/en-US\/kb\/delete-cookies-remove-info-websites-stored<\/li>\n<li>Pour le navigateur Web Safari, veuillez consulter cette page d\u2019Apple: https:\/\/support.apple.com\/kb\/PH21411?locale=en_US<\/li>\n<li>Pour tout autre navigateur Web, veuillez consulter les pages Web officielles de votre navigateur Web.<\/li>\n<\/ul>\n<p>O\u00f9 pouvez-vous trouver plus d\u2019informations concernant les cookies<br \/>\nVous pouvez en savoir plus concernant les cookies et les sites Web tiers suivants:<br \/>\nAllAboutCookies: http:\/\/www.allaboutcookies.org\/<br \/>\nNetwork Advertising Initiative: http:\/\/www.networkadvertising.org\/<\/p>\n<\/div><\/div><\/div><\/div><\/div>","protected":false},"excerpt":{"rendered":"","protected":false},"author":6,"featured_media":0,"parent":0,"menu_order":0,"comment_status":"closed","ping_status":"open","template":"100-width.php","meta":{"footnotes":""},"class_list":["post-1158","page","type-page","status-publish","hentry"],"yoast_head":"<!-- This site is optimized with the Yoast SEO plugin v27.4 - https:\/\/yoast.com\/product\/yoast-seo-wordpress\/ -->\n<title>Politique concernant les cookies | Vision Laser - Chirurgie laser r\u00e9fractive Gen\u00e8ve<\/title>\n<meta name=\"robots\" content=\"index, follow, max-snippet:-1, max-image-preview:large, max-video-preview:-1\" \/>\n<link rel=\"canonical\" href=\"https:\/\/visionlaser.ch\/en\/cookies\/\" \/>\n<meta property=\"og:locale\" content=\"en_GB\" \/>\n<meta property=\"og:type\" content=\"article\" \/>\n<meta property=\"og:title\" content=\"Politique concernant les cookies | Vision Laser - Chirurgie laser r\u00e9fractive Gen\u00e8ve\" \/>\n<meta property=\"og:url\" content=\"https:\/\/visionlaser.ch\/en\/cookies\/\" \/>\n<meta property=\"og:site_name\" content=\"Vision Laser - Chirurgie laser r\u00e9fractive Gen\u00e8ve\" \/>\n<meta property=\"article:modified_time\" content=\"2025-02-19T10:54:51+00:00\" \/>\n<meta name=\"twitter:card\" content=\"summary_large_image\" \/>\n<meta name=\"twitter:label1\" content=\"Estimated reading time\" \/>\n\t<meta name=\"twitter:data1\" content=\"4 minutes\" \/>\n<script type=\"application\/ld+json\" class=\"yoast-schema-graph\">{\"@context\":\"https:\\\/\\\/schema.org\",\"@graph\":[{\"@type\":\"WebPage\",\"@id\":\"https:\\\/\\\/visionlaser.ch\\\/cookies\\\/\",\"url\":\"https:\\\/\\\/visionlaser.ch\\\/cookies\\\/\",\"name\":\"Politique concernant les cookies | Vision Laser - Chirurgie laser r\u00e9fractive Gen\u00e8ve\",\"isPartOf\":{\"@id\":\"https:\\\/\\\/visionlaser.ch\\\/#website\"},\"datePublished\":\"2024-02-22T15:06:44+00:00\",\"dateModified\":\"2025-02-19T10:54:51+00:00\",\"breadcrumb\":{\"@id\":\"https:\\\/\\\/visionlaser.ch\\\/cookies\\\/#breadcrumb\"},\"inLanguage\":\"en-GB\",\"potentialAction\":[{\"@type\":\"ReadAction\",\"target\":[\"https:\\\/\\\/visionlaser.ch\\\/cookies\\\/\"]}]},{\"@type\":\"BreadcrumbList\",\"@id\":\"https:\\\/\\\/visionlaser.ch\\\/cookies\\\/#breadcrumb\",\"itemListElement\":[{\"@type\":\"ListItem\",\"position\":1,\"name\":\"Home\",\"item\":\"https:\\\/\\\/visionlaser.ch\\\/\"},{\"@type\":\"ListItem\",\"position\":2,\"name\":\"Politique concernant les cookies\"}]},{\"@type\":\"WebSite\",\"@id\":\"https:\\\/\\\/visionlaser.ch\\\/#website\",\"url\":\"https:\\\/\\\/visionlaser.ch\\\/\",\"name\":\"Vision Laser - Chirurgie laser r\u00e9fractive Gen\u00e8ve\",\"description\":\"1er centre d&#039;op\u00e9ration laser des yeux \u00e0 Gen\u00e8ve\",\"potentialAction\":[{\"@type\":\"SearchAction\",\"target\":{\"@type\":\"EntryPoint\",\"urlTemplate\":\"https:\\\/\\\/visionlaser.ch\\\/?s={search_term_string}\"},\"query-input\":{\"@type\":\"PropertyValueSpecification\",\"valueRequired\":true,\"valueName\":\"search_term_string\"}}],\"inLanguage\":\"en-GB\"}]}<\/script>\n<!-- \/ Yoast SEO plugin. -->","yoast_head_json":{"title":"Politique concernant les cookies | Vision Laser - Chirurgie laser r\u00e9fractive Gen\u00e8ve","robots":{"index":"index","follow":"follow","max-snippet":"max-snippet:-1","max-image-preview":"max-image-preview:large","max-video-preview":"max-video-preview:-1"},"canonical":"https:\/\/visionlaser.ch\/en\/cookies\/","og_locale":"en_GB","og_type":"article","og_title":"Politique concernant les cookies | Vision Laser - Chirurgie laser r\u00e9fractive Gen\u00e8ve","og_url":"https:\/\/visionlaser.ch\/en\/cookies\/","og_site_name":"Vision Laser - Chirurgie laser r\u00e9fractive Gen\u00e8ve","article_modified_time":"2025-02-19T10:54:51+00:00","twitter_card":"summary_large_image","twitter_misc":{"Estimated reading time":"4 minutes"},"schema":{"@context":"https:\/\/schema.org","@graph":[{"@type":"WebPage","@id":"https:\/\/visionlaser.ch\/cookies\/","url":"https:\/\/visionlaser.ch\/cookies\/","name":"Politique concernant les cookies | Vision Laser - Chirurgie laser r\u00e9fractive Gen\u00e8ve","isPartOf":{"@id":"https:\/\/visionlaser.ch\/#website"},"datePublished":"2024-02-22T15:06:44+00:00","dateModified":"2025-02-19T10:54:51+00:00","breadcrumb":{"@id":"https:\/\/visionlaser.ch\/cookies\/#breadcrumb"},"inLanguage":"en-GB","potentialAction":[{"@type":"ReadAction","target":["https:\/\/visionlaser.ch\/cookies\/"]}]},{"@type":"BreadcrumbList","@id":"https:\/\/visionlaser.ch\/cookies\/#breadcrumb","itemListElement":[{"@type":"ListItem","position":1,"name":"Home","item":"https:\/\/visionlaser.ch\/"},{"@type":"ListItem","position":2,"name":"Politique concernant les cookies"}]},{"@type":"WebSite","@id":"https:\/\/visionlaser.ch\/#website","url":"https:\/\/visionlaser.ch\/","name":"Vision Laser - Chirurgie laser r\u00e9fractive Gen\u00e8ve","description":"1er centre d&#039;op\u00e9ration laser des yeux \u00e0 Gen\u00e8ve","potentialAction":[{"@type":"SearchAction","target":{"@type":"EntryPoint","urlTemplate":"https:\/\/visionlaser.ch\/?s={search_term_string}"},"query-input":{"@type":"PropertyValueSpecification","valueRequired":true,"valueName":"search_term_string"}}],"inLanguage":"en-GB"}]}},"_links":{"self":[{"href":"https:\/\/visionlaser.ch\/en\/wp-json\/wp\/v2\/pages\/1158","targetHints":{"allow":["GET"]}}],"collection":[{"href":"https:\/\/visionlaser.ch\/en\/wp-json\/wp\/v2\/pages"}],"about":[{"href":"https:\/\/visionlaser.ch\/en\/wp-json\/wp\/v2\/types\/page"}],"author":[{"embeddable":true,"href":"https:\/\/visionlaser.ch\/en\/wp-json\/wp\/v2\/users\/6"}],"replies":[{"embeddable":true,"href":"https:\/\/visionlaser.ch\/en\/wp-json\/wp\/v2\/comments?post=1158"}],"version-history":[{"count":0,"href":"https:\/\/visionlaser.ch\/en\/wp-json\/wp\/v2\/pages\/1158\/revisions"}],"wp:attachment":[{"href":"https:\/\/visionlaser.ch\/en\/wp-json\/wp\/v2\/media?parent=1158"}],"curies":[{"name":"wp","href":"https:\/\/api.w.org\/{rel}","templated":true}]}}